{"id":3613,"date":"2022-11-24T10:25:23","date_gmt":"2022-11-24T10:25:23","guid":{"rendered":"https:\/\/www.w2gs.hr\/about-us\/"},"modified":"2023-01-16T13:23:58","modified_gmt":"2023-01-16T13:23:58","slug":"about-us","status":"publish","type":"page","link":"https:\/\/www.w2gs.hr\/en\/about-us\/","title":{"rendered":"About us"},"content":{"rendered":"<p>[et_pb_section fb_built=&#8221;1&#8243; _builder_version=&#8221;4.19.2&#8243; _module_preset=&#8221;default&#8221; use_background_color_gradient=&#8221;on&#8221; background_color_gradient_direction=&#8221;90deg&#8221; background_color_gradient_stops=&#8221;#00b5ec 0%|#00b5ec 57%|rgba(21,187,238,0) 57%|rgba(255,255,255,0) 100%&#8221; background_color_gradient_overlays_image=&#8221;on&#8221; background_image=&#8221;https:\/\/www.w2gs.hr\/wp-content\/uploads\/2022\/12\/w2gs-zaposljavanje-o-nama.jpg&#8221; background_size=&#8221;custom&#8221; background_image_height=&#8221;100%&#8221; background_position=&#8221;bottom_right&#8221; background_horizontal_offset=&#8221;-8%&#8221; height=&#8221;100vh&#8221; height_tablet=&#8221;&#8221; height_phone=&#8221;&#8221; height_last_edited=&#8221;on|phone&#8221; background_last_edited=&#8221;on|tablet&#8221; use_background_color_gradient_tablet=&#8221;on&#8221; background_color_gradient_stops_tablet=&#8221;rgba(10,0,0,0.66) 0%|rgba(10,0,0,0.66) 100%|rgba(255,255,255,0) 100%|rgba(21,187,238,0) 100%&#8221; background_size_tablet=&#8221;cover&#8221; background_horizontal_offset_tablet=&#8221;-4%&#8221; background_vertical_offset_tablet=&#8221;46%&#8221; global_colors_info=&#8221;{}&#8221;][et_pb_row _builder_version=&#8221;4.19.2&#8243; _module_preset=&#8221;default&#8221; positioning=&#8221;absolute&#8221; position_origin_a=&#8221;center_center&#8221; position_origin_a_tablet=&#8221;center_center&#8221; position_origin_a_phone=&#8221;center_center&#8221; position_origin_a_last_edited=&#8221;on|desktop&#8221; position_origin_f_tablet=&#8221;&#8221; position_origin_f_phone=&#8221;&#8221; position_origin_f_last_edited=&#8221;on|desktop&#8221; position_origin_r_tablet=&#8221;&#8221; position_origin_r_phone=&#8221;&#8221; position_origin_r_last_edited=&#8221;on|desktop&#8221; width=&#8221;90%&#8221; max_width=&#8221;100%&#8221; custom_padding=&#8221;||9px|||&#8221; positioning_tablet=&#8221;none&#8221; positioning_phone=&#8221;none&#8221; positioning_last_edited=&#8221;on|phone&#8221; global_colors_info=&#8221;{}&#8221;][et_pb_column type=&#8221;4_4&#8243; _builder_version=&#8221;4.19.0&#8243; _module_preset=&#8221;default&#8221; global_colors_info=&#8221;{}&#8221;][dsm_dual_heading before_text=&#8221;More than &#8221; middle_text=&#8221;25 years of experience&#8221; heading_html_tag=&#8221;h1&#8243; before_background_color=&#8221;RGBA(255,255,255,0)&#8221; middle_background_color=&#8221;RGBA(255,255,255,0)&#8221; before_padding=&#8221;||||true|false&#8221; _builder_version=&#8221;4.19.2&#8243; _module_preset=&#8221;default&#8221; header_font=&#8221;Archivo|700|||||||&#8221; header_font_size=&#8221;50px&#8221; before_text_color=&#8221;#0f0f0f&#8221; middle_font=&#8221;|700|||||||&#8221; middle_text_color=&#8221;#FFFFFF&#8221; header_text_color_tablet=&#8221;#FFFFFF&#8221; header_text_color_phone=&#8221;#FFFFFF&#8221; header_text_color_last_edited=&#8221;on|tablet&#8221; header_font_size_tablet=&#8221;35px&#8221; header_font_size_phone=&#8221;26px&#8221; header_font_size_last_edited=&#8221;on|phone&#8221; before_text_color_tablet=&#8221;#FFFFFF&#8221; before_text_color_phone=&#8221;#FFFFFF&#8221; before_text_color_last_edited=&#8221;on|tablet&#8221; middle_text_shadow_style=&#8221;preset3&#8243; middle_text_shadow_color=&#8221;rgba(0,0,0,0.22)&#8221; border_color_bottom_middle=&#8221;#EFEFEF&#8221; border_style_bottom_middle=&#8221;double&#8221; global_colors_info=&#8221;{}&#8221;][\/dsm_dual_heading][et_pb_button button_url=&#8221;#about-us&#8221; button_text=&#8221;More about us&#8221; _builder_version=&#8221;4.19.4&#8243; _module_preset=&#8221;default&#8221; custom_button=&#8221;on&#8221; button_text_color=&#8221;#FFFFFF&#8221; button_bg_color=&#8221;#00B5EC&#8221; button_border_radius=&#8221;0px&#8221; button_font=&#8221;Archivo||||||||&#8221; button_use_icon=&#8221;off&#8221; position_origin_a=&#8221;bottom_left&#8221; custom_margin=&#8221;50px||50px||true|false&#8221; custom_margin_tablet=&#8221;50px||50px||true|false&#8221; custom_margin_phone=&#8221;22px||15px||false|false&#8221; custom_margin_last_edited=&#8221;on|phone&#8221; custom_padding=&#8221;10px|20px|10px|20px|false|true&#8221; button_text_size_tablet=&#8221;18px&#8221; button_text_size_phone=&#8221;16px&#8221; button_text_size_last_edited=&#8221;on|tablet&#8221; global_colors_info=&#8221;{}&#8221;][\/et_pb_button][\/et_pb_column][\/et_pb_row][\/et_pb_section][et_pb_section fb_built=&#8221;1&#8243; module_id=&#8221;about-us&#8221; _builder_version=&#8221;4.19.4&#8243; _module_preset=&#8221;default&#8221; custom_padding=&#8221;||6px|||&#8221; global_colors_info=&#8221;{}&#8221;][et_pb_row column_structure=&#8221;1_2,1_2&#8243; make_equal=&#8221;on&#8221; _builder_version=&#8221;4.19.2&#8243; _module_preset=&#8221;default&#8221; width=&#8221;90%&#8221; max_width=&#8221;100%&#8221; custom_css_main_element=&#8221;align-items: center;&#8221; global_colors_info=&#8221;{}&#8221;][et_pb_column type=&#8221;1_2&#8243; _builder_version=&#8221;4.19.2&#8243; _module_preset=&#8221;default&#8221; global_colors_info=&#8221;{}&#8221;][et_pb_image src=&#8221;https:\/\/www.w2gs.hr\/wp-content\/uploads\/2022\/12\/w2gs-o-nama.jpg&#8221; alt=&#8221;w2gs-about-us&#8221; title_text=&#8221;w2gs-about-us&#8221; disabled_on=&#8221;off|off|off&#8221; _builder_version=&#8221;4.19.2&#8243; _module_preset=&#8221;default&#8221; border_width_all=&#8221;10px&#8221; border_color_all=&#8221;#efefef&#8221; border_color_bottom=&#8221;#00b5ec&#8221; global_colors_info=&#8221;{}&#8221;][\/et_pb_image][\/et_pb_column][et_pb_column type=&#8221;1_2&#8243; _builder_version=&#8221;4.19.0&#8243; _module_preset=&#8221;default&#8221; global_colors_info=&#8221;{}&#8221;][et_pb_text _builder_version=&#8221;4.19.4&#8243; _module_preset=&#8221;default&#8221; text_font=&#8221;Inria Sans||||||||&#8221; text_font_size=&#8221;18px&#8221; text_line_height=&#8221;2em&#8221; text_orientation=&#8221;justified&#8221; hover_enabled=&#8221;0&#8243; global_colors_info=&#8221;{}&#8221; sticky_enabled=&#8221;0&#8243;]<\/p>\n<p><span style=\"font-weight: 400;\">The founders of W2GS have been operating in the fields of services and tourism in the Republic of Croatia for more than 25 years. With the expansion of our business over the past years, and in order to adapt to the requirements of our long-term partners, we perceived an increasing need for provision of temporary staff to our clients, as well as the need for the provision of staff with various qualifications. For this reason, the W2GS Temporary Employment Agency based in Pazin, selects experienced and educated employees of various qualifications and skills according to the request of our clients and provides them to clients for a fixed term. <strong>We have quality employees<\/strong>, whose motivation and goal are to ensure work continuity and to prove themselves to be professional employees both to themselves as well as to the employer.<\/span><\/p>\n<p>[\/et_pb_text][et_pb_text _builder_version=&#8221;4.19.4&#8243; _module_preset=&#8221;default&#8221; text_font=&#8221;Inria Sans||||||||&#8221; text_font_size=&#8221;18px&#8221; text_line_height=&#8221;2em&#8221; header_3_font=&#8221;Archivo|700|||||||&#8221; header_3_text_align=&#8221;left&#8221; header_3_text_color=&#8221;#00B5EC&#8221; header_3_font_size=&#8221;25px&#8221; text_orientation=&#8221;justified&#8221; hover_enabled=&#8221;0&#8243; global_colors_info=&#8221;{}&#8221; sticky_enabled=&#8221;0&#8243;]<\/p>\n<p><span style=\"font-weight: 400;\">In the event that at any given moment we do not have employees with the required qualifications, we look for them using our <strong>proven and long-established channels.<\/strong><\/span><\/p>\n<p>[\/et_pb_text][\/et_pb_column][\/et_pb_row][\/et_pb_section][et_pb_section fb_built=&#8221;1&#8243; disabled_on=&#8221;on|on|off&#8221; _builder_version=&#8221;4.19.2&#8243; _module_preset=&#8221;default&#8221; background_color=&#8221;#FFFFFF&#8221; background_enable_pattern_style=&#8221;on&#8221; background_pattern_style=&#8221;squares&#8221; background_pattern_color=&#8221;rgba(10,0,0,0.02)&#8221; background_pattern_transform=&#8221;flip_horizontal&#8221; global_colors_info=&#8221;{}&#8221;][et_pb_row column_structure=&#8221;3_5,2_5&#8243; make_equal=&#8221;on&#8221; _builder_version=&#8221;4.19.2&#8243; _module_preset=&#8221;default&#8221; width=&#8221;90%&#8221; max_width=&#8221;100%&#8221; custom_css_main_element=&#8221;align-items: center;&#8221; global_colors_info=&#8221;{}&#8221;][et_pb_column type=&#8221;3_5&#8243; _builder_version=&#8221;4.19.2&#8243; _module_preset=&#8221;default&#8221; background_color=&#8221;#00B5EC&#8221; transform_skew=&#8221;0deg|-1.2deg&#8221; transform_skew_linked=&#8221;off&#8221; custom_padding=&#8221;20px|20px|20px|20px|true|true&#8221; scroll_fade_enable=&#8221;on&#8221; scroll_fade=&#8221;0|25|25|49|10%|40%|100%&#8221; motion_trigger_start=&#8221;top&#8221; global_colors_info=&#8221;{}&#8221;][et_pb_text _builder_version=&#8221;4.19.2&#8243; _module_preset=&#8221;default&#8221; header_text_color=&#8221;#FFFFFF&#8221; header_3_font=&#8221;|700|||||||&#8221; header_3_text_color=&#8221;#FFFFFF&#8221; header_3_font_size=&#8221;25px&#8221; header_3_line_height=&#8221;1.3em&#8221; custom_margin=&#8221;||-1px|||&#8221; header_3_font_size_tablet=&#8221;23px&#8221; header_3_font_size_phone=&#8221;19px&#8221; header_3_font_size_last_edited=&#8221;on|phone&#8221; global_colors_info=&#8221;{}&#8221;]<\/p>\n<h3><strong>Adapting to an ever-changing environment<\/strong><\/h3>\n<p>[\/et_pb_text][et_pb_divider color=&#8221;#FFFFFF&#8221; divider_weight=&#8221;3px&#8221; _builder_version=&#8221;4.19.2&#8243; _module_preset=&#8221;default&#8221; width=&#8221;100px&#8221; custom_margin=&#8221;||0px||false|false&#8221; custom_padding=&#8221;0px||0px||false|false&#8221; global_colors_info=&#8221;{}&#8221;][\/et_pb_divider][et_pb_text _builder_version=&#8221;4.19.2&#8243; _module_preset=&#8221;default&#8221; text_font=&#8221;Inria Sans||||||||&#8221; text_text_color=&#8221;#FFFFFF&#8221; text_font_size=&#8221;18px&#8221; text_line_height=&#8221;2em&#8221; text_orientation=&#8221;justified&#8221; global_colors_info=&#8221;{}&#8221;]<\/p>\n<p><span style=\"font-weight: 400;\">The goal of W2GS is to provide well trained and appropriately educated employees enabling our clients to onboard the new employees easily and quickly, and the employees to adjust well and quickly to the new work environment.<br \/>\n<\/span><\/p>\n<p><span style=\"font-weight: 400;\">When it comes to the continuously changing legal and regulatory landscapes, we strive to always keep abreast of developments and changes, providing you peace of mind as you can be sure that the seconded staff are employed in accordance with the relevant rules and regulations.<\/span><\/p>\n<p>[\/et_pb_text][\/et_pb_column][et_pb_column type=&#8221;2_5&#8243; _builder_version=&#8221;4.19.2&#8243; _module_preset=&#8221;default&#8221; global_colors_info=&#8221;{}&#8221;][et_pb_image src=&#8221;https:\/\/www.w2gs.hr\/wp-content\/uploads\/2022\/12\/zaposljavanje-istra-w2gs-o-nama-1.jpg&#8221; alt=&#8221;employment-istria-w2gs-about-us&#8221; title_text=&#8221;employment-istria-w2gs-about-us&#8221; _builder_version=&#8221;4.19.2&#8243; _module_preset=&#8221;default&#8221; border_color_right=&#8221;#00B5EC&#8221; border_width_bottom=&#8221;10px&#8221; border_color_bottom=&#8221;#00B5EC&#8221; border_width_left=&#8221;10px&#8221; border_color_left=&#8221;#00B5EC&#8221; global_colors_info=&#8221;{}&#8221;][\/et_pb_image][\/et_pb_column][\/et_pb_row][\/et_pb_section][et_pb_section fb_built=&#8221;1&#8243; disabled_on=&#8221;off|off|on&#8221; _builder_version=&#8221;4.19.2&#8243; _module_preset=&#8221;default&#8221; background_color=&#8221;#FFFFFF&#8221; background_enable_pattern_style=&#8221;on&#8221; background_pattern_style=&#8221;squares&#8221; background_pattern_color=&#8221;rgba(10,0,0,0.02)&#8221; background_pattern_transform=&#8221;flip_horizontal&#8221; global_colors_info=&#8221;{}&#8221;][et_pb_row column_structure=&#8221;3_5,2_5&#8243; make_equal=&#8221;on&#8221; _builder_version=&#8221;4.19.2&#8243; _module_preset=&#8221;default&#8221; width=&#8221;90%&#8221; max_width=&#8221;100%&#8221; custom_css_main_element=&#8221;align-items: center;&#8221; global_colors_info=&#8221;{}&#8221;][et_pb_column type=&#8221;3_5&#8243; _builder_version=&#8221;4.19.2&#8243; _module_preset=&#8221;default&#8221; global_colors_info=&#8221;{}&#8221;][et_pb_image src=&#8221;https:\/\/www.w2gs.hr\/wp-content\/uploads\/2022\/12\/zaposljavanje-istra-w2gs-o-nama-1.jpg&#8221; alt=&#8221;employment-istria-w2gs-about-us&#8221; title_text=&#8221;employment-istria-w2gs-about-us&#8221; _builder_version=&#8221;4.19.2&#8243; _module_preset=&#8221;default&#8221; border_color_right=&#8221;#00B5EC&#8221; border_width_bottom=&#8221;10px&#8221; border_color_bottom=&#8221;#00B5EC&#8221; border_width_left=&#8221;10px&#8221; border_color_left=&#8221;#00B5EC&#8221; global_colors_info=&#8221;{}&#8221;][\/et_pb_image][\/et_pb_column][et_pb_column type=&#8221;2_5&#8243; _builder_version=&#8221;4.19.2&#8243; _module_preset=&#8221;default&#8221; background_color=&#8221;#00B5EC&#8221; transform_skew=&#8221;0deg|-1.2deg&#8221; transform_skew_linked=&#8221;off&#8221; custom_padding=&#8221;20px|20px|20px|20px|true|true&#8221; scroll_fade_enable=&#8221;on&#8221; scroll_fade=&#8221;0|25|25|49|10%|40%|100%&#8221; motion_trigger_start=&#8221;top&#8221; global_colors_info=&#8221;{}&#8221;][et_pb_text _builder_version=&#8221;4.19.2&#8243; _module_preset=&#8221;default&#8221; header_text_color=&#8221;#FFFFFF&#8221; header_3_font=&#8221;|700|||||||&#8221; header_3_text_color=&#8221;#FFFFFF&#8221; header_3_font_size=&#8221;25px&#8221; header_3_line_height=&#8221;1.3em&#8221; custom_margin=&#8221;||-1px|||&#8221; header_3_font_size_tablet=&#8221;23px&#8221; header_3_font_size_phone=&#8221;19px&#8221; header_3_font_size_last_edited=&#8221;on|phone&#8221; global_colors_info=&#8221;{}&#8221;]<\/p>\n<h3><strong>Adapting to an ever-changing environment<\/strong><\/h3>\n<p>[\/et_pb_text][et_pb_divider color=&#8221;#FFFFFF&#8221; divider_weight=&#8221;3px&#8221; _builder_version=&#8221;4.19.2&#8243; _module_preset=&#8221;default&#8221; width=&#8221;100px&#8221; custom_margin=&#8221;||0px||false|false&#8221; custom_padding=&#8221;0px||0px||false|false&#8221; global_colors_info=&#8221;{}&#8221;][\/et_pb_divider][et_pb_text _builder_version=&#8221;4.19.2&#8243; _module_preset=&#8221;default&#8221; text_font=&#8221;Inria Sans||||||||&#8221; text_text_color=&#8221;#FFFFFF&#8221; text_font_size=&#8221;18px&#8221; text_line_height=&#8221;2em&#8221; text_orientation=&#8221;justified&#8221; global_colors_info=&#8221;{}&#8221;]<\/p>\n<p><span style=\"font-weight: 400;\">The goal of W2GS is to provide well trained and appropriately educated employees enabling our clients to onboard the new employees easily and quickly, and the employees to adjust well and quickly to the new work environment.<br \/>\n<\/span><\/p>\n<p><span style=\"font-weight: 400;\">When it comes to the continuously changing legal and regulatory landscapes, we strive to always keep abreast of developments and changes, providing you peace of mind as you can be sure that the seconded staff are employed in accordance with the relevant rules and regulations.<\/span><\/p>\n<p>[\/et_pb_text][\/et_pb_column][\/et_pb_row][\/et_pb_section]<\/p>\n","protected":false},"excerpt":{"rendered":"<p><div class=\"et_pb_with_border et_pb_module dsm_dual_heading dsm_dual_heading_0  et_pb_bg_layout_light\">\n\t\t\t\t\n\t\t\t\t\n\t\t\t\t\n\t\t\t\t\n\t\t\t\t\n\t\t\t\t\n\t\t\t\t<div class=\"et_pb_module_inner\">\n\t\t\t\t\t<h1 class=\"dsm-dual-heading-main et_pb_module_header\"><span class=\"dsm-dual-heading-before\">More than <\/span><span class=\"dsm-dual-heading-middle\">25 years of experience<\/span><\/h1>\n\t\t\t\t<\/div>\n\t\t\t<\/div>The founders of W2GS have been operating in the fields of services and tourism in the Republic of Croatia for more than 25 [&hellip;]<\/p>\n","protected":false},"author":1,"featured_media":0,"parent":0,"menu_order":0,"comment_status":"closed","ping_status":"closed","template":"","meta":{"_et_pb_use_builder":"on","_et_pb_old_content":"","_et_gb_content_width":"","footnotes":""},"class_list":["post-3613","page","type-page","status-publish","hentry"],"yoast_head":"<!-- This site is optimized with the Yoast SEO plugin v20.3 - https:\/\/yoast.com\/wordpress\/plugins\/seo\/ -->\n<title>About us - More than 25 years of experience - Work 2 Go Staff<\/title>\n<meta name=\"description\" content=\"The founders of W2GS have been operating in the fields of services and tourism in the Republic of Croatia for more than 25 years.\" \/>\n<meta name=\"robots\" content=\"index, follow, max-snippet:-1, max-image-preview:large, max-video-preview:-1\" \/>\n<link rel=\"canonical\" href=\"https:\/\/www.w2gs.hr\/en\/about-us\/\" \/>\n<meta property=\"og:locale\" content=\"en_US\" \/>\n<meta property=\"og:type\" content=\"article\" \/>\n<meta property=\"og:title\" content=\"About us - More than 25 years of experience - Work 2 Go Staff\" \/>\n<meta property=\"og:description\" content=\"The founders of W2GS have been operating in the fields of services and tourism in the Republic of Croatia for more than 25 years.\" \/>\n<meta property=\"og:url\" content=\"https:\/\/www.w2gs.hr\/en\/about-us\/\" \/>\n<meta property=\"og:site_name\" content=\"Work 2 Go Staff\" \/>\n<meta property=\"article:modified_time\" content=\"2023-01-16T13:23:58+00:00\" \/>\n<meta property=\"og:image\" content=\"https:\/\/www.w2gs.hr\/wp-content\/uploads\/2022\/12\/w2gs-featured-image-1.jpg\" \/>\n\t<meta property=\"og:image:width\" content=\"1579\" \/>\n\t<meta property=\"og:image:height\" content=\"875\" \/>\n\t<meta property=\"og:image:type\" content=\"image\/jpeg\" \/>\n<meta name=\"twitter:card\" content=\"summary_large_image\" \/>\n<meta name=\"twitter:label1\" content=\"Est. reading time\" \/>\n\t<meta name=\"twitter:data1\" content=\"3 minutes\" \/>\n<script type=\"application\/ld+json\" class=\"yoast-schema-graph\">{\"@context\":\"https:\/\/schema.org\",\"@graph\":[{\"@type\":\"WebPage\",\"@id\":\"https:\/\/www.w2gs.hr\/en\/about-us\/\",\"url\":\"https:\/\/www.w2gs.hr\/en\/about-us\/\",\"name\":\"About us - More than 25 years of experience - Work 2 Go Staff\",\"isPartOf\":{\"@id\":\"https:\/\/www.w2gs.hr\/en\/#website\"},\"datePublished\":\"2022-11-24T10:25:23+00:00\",\"dateModified\":\"2023-01-16T13:23:58+00:00\",\"description\":\"The founders of W2GS have been operating in the fields of services and tourism in the Republic of Croatia for more than 25 years.\",\"breadcrumb\":{\"@id\":\"https:\/\/www.w2gs.hr\/en\/about-us\/#breadcrumb\"},\"inLanguage\":\"en-US\",\"potentialAction\":[{\"@type\":\"ReadAction\",\"target\":[\"https:\/\/www.w2gs.hr\/en\/about-us\/\"]}]},{\"@type\":\"BreadcrumbList\",\"@id\":\"https:\/\/www.w2gs.hr\/en\/about-us\/#breadcrumb\",\"itemListElement\":[{\"@type\":\"ListItem\",\"position\":1,\"name\":\"Po\u010detna stranica\",\"item\":\"https:\/\/www.w2gs.hr\/en\/\"},{\"@type\":\"ListItem\",\"position\":2,\"name\":\"About us\"}]},{\"@type\":\"WebSite\",\"@id\":\"https:\/\/www.w2gs.hr\/en\/#website\",\"url\":\"https:\/\/www.w2gs.hr\/en\/\",\"name\":\"Work 2 Go Staff\",\"description\":\"Stvaramo ravnote\u017eu na tr\u017ei\u0161tu rada\",\"publisher\":{\"@id\":\"https:\/\/www.w2gs.hr\/en\/#organization\"},\"potentialAction\":[{\"@type\":\"SearchAction\",\"target\":{\"@type\":\"EntryPoint\",\"urlTemplate\":\"https:\/\/www.w2gs.hr\/en\/?s={search_term_string}\"},\"query-input\":\"required name=search_term_string\"}],\"inLanguage\":\"en-US\"},{\"@type\":\"Organization\",\"@id\":\"https:\/\/www.w2gs.hr\/en\/#organization\",\"name\":\"Work 2 Go Staff d.o.o.\",\"url\":\"https:\/\/www.w2gs.hr\/en\/\",\"logo\":{\"@type\":\"ImageObject\",\"inLanguage\":\"en-US\",\"@id\":\"https:\/\/www.w2gs.hr\/en\/#\/schema\/logo\/image\/\",\"url\":\"https:\/\/www.w2gs.hr\/wp-content\/uploads\/2022\/11\/work-to-go-staff-logo.png\",\"contentUrl\":\"https:\/\/www.w2gs.hr\/wp-content\/uploads\/2022\/11\/work-to-go-staff-logo.png\",\"width\":300,\"height\":118,\"caption\":\"Work 2 Go Staff d.o.o.\"},\"image\":{\"@id\":\"https:\/\/www.w2gs.hr\/en\/#\/schema\/logo\/image\/\"}}]}<\/script>\n<!-- \/ Yoast SEO plugin. -->","yoast_head_json":{"title":"About us - More than 25 years of experience - Work 2 Go Staff","description":"The founders of W2GS have been operating in the fields of services and tourism in the Republic of Croatia for more than 25 years.","robots":{"index":"index","follow":"follow","max-snippet":"max-snippet:-1","max-image-preview":"max-image-preview:large","max-video-preview":"max-video-preview:-1"},"canonical":"https:\/\/www.w2gs.hr\/en\/about-us\/","og_locale":"en_US","og_type":"article","og_title":"About us - More than 25 years of experience - Work 2 Go Staff","og_description":"The founders of W2GS have been operating in the fields of services and tourism in the Republic of Croatia for more than 25 years.","og_url":"https:\/\/www.w2gs.hr\/en\/about-us\/","og_site_name":"Work 2 Go Staff","article_modified_time":"2023-01-16T13:23:58+00:00","og_image":[{"width":1579,"height":875,"url":"https:\/\/www.w2gs.hr\/wp-content\/uploads\/2022\/12\/w2gs-featured-image-1.jpg","type":"image\/jpeg"}],"twitter_card":"summary_large_image","twitter_misc":{"Est. reading time":"3 minutes"},"schema":{"@context":"https:\/\/schema.org","@graph":[{"@type":"WebPage","@id":"https:\/\/www.w2gs.hr\/en\/about-us\/","url":"https:\/\/www.w2gs.hr\/en\/about-us\/","name":"About us - More than 25 years of experience - Work 2 Go Staff","isPartOf":{"@id":"https:\/\/www.w2gs.hr\/en\/#website"},"datePublished":"2022-11-24T10:25:23+00:00","dateModified":"2023-01-16T13:23:58+00:00","description":"The founders of W2GS have been operating in the fields of services and tourism in the Republic of Croatia for more than 25 years.","breadcrumb":{"@id":"https:\/\/www.w2gs.hr\/en\/about-us\/#breadcrumb"},"inLanguage":"en-US","potentialAction":[{"@type":"ReadAction","target":["https:\/\/www.w2gs.hr\/en\/about-us\/"]}]},{"@type":"BreadcrumbList","@id":"https:\/\/www.w2gs.hr\/en\/about-us\/#breadcrumb","itemListElement":[{"@type":"ListItem","position":1,"name":"Po\u010detna stranica","item":"https:\/\/www.w2gs.hr\/en\/"},{"@type":"ListItem","position":2,"name":"About us"}]},{"@type":"WebSite","@id":"https:\/\/www.w2gs.hr\/en\/#website","url":"https:\/\/www.w2gs.hr\/en\/","name":"Work 2 Go Staff","description":"Stvaramo ravnote\u017eu na tr\u017ei\u0161tu rada","publisher":{"@id":"https:\/\/www.w2gs.hr\/en\/#organization"},"potentialAction":[{"@type":"SearchAction","target":{"@type":"EntryPoint","urlTemplate":"https:\/\/www.w2gs.hr\/en\/?s={search_term_string}"},"query-input":"required name=search_term_string"}],"inLanguage":"en-US"},{"@type":"Organization","@id":"https:\/\/www.w2gs.hr\/en\/#organization","name":"Work 2 Go Staff d.o.o.","url":"https:\/\/www.w2gs.hr\/en\/","logo":{"@type":"ImageObject","inLanguage":"en-US","@id":"https:\/\/www.w2gs.hr\/en\/#\/schema\/logo\/image\/","url":"https:\/\/www.w2gs.hr\/wp-content\/uploads\/2022\/11\/work-to-go-staff-logo.png","contentUrl":"https:\/\/www.w2gs.hr\/wp-content\/uploads\/2022\/11\/work-to-go-staff-logo.png","width":300,"height":118,"caption":"Work 2 Go Staff d.o.o."},"image":{"@id":"https:\/\/www.w2gs.hr\/en\/#\/schema\/logo\/image\/"}}]}},"_links":{"self":[{"href":"https:\/\/www.w2gs.hr\/en\/wp-json\/wp\/v2\/pages\/3613","targetHints":{"allow":["GET"]}}],"collection":[{"href":"https:\/\/www.w2gs.hr\/en\/wp-json\/wp\/v2\/pages"}],"about":[{"href":"https:\/\/www.w2gs.hr\/en\/wp-json\/wp\/v2\/types\/page"}],"author":[{"embeddable":true,"href":"https:\/\/www.w2gs.hr\/en\/wp-json\/wp\/v2\/users\/1"}],"replies":[{"embeddable":true,"href":"https:\/\/www.w2gs.hr\/en\/wp-json\/wp\/v2\/comments?post=3613"}],"version-history":[{"count":0,"href":"https:\/\/www.w2gs.hr\/en\/wp-json\/wp\/v2\/pages\/3613\/revisions"}],"wp:attachment":[{"href":"https:\/\/www.w2gs.hr\/en\/wp-json\/wp\/v2\/media?parent=3613"}],"curies":[{"name":"wp","href":"https:\/\/api.w.org\/{rel}","templated":true}]}}