{"id":3616,"date":"2022-11-24T10:25:41","date_gmt":"2022-11-24T10:25:41","guid":{"rendered":"https:\/\/www.w2gs.hr\/contact\/"},"modified":"2023-01-16T13:25:07","modified_gmt":"2023-01-16T13:25:07","slug":"contact","status":"publish","type":"page","link":"https:\/\/www.w2gs.hr\/en\/contact\/","title":{"rendered":"Contact"},"content":{"rendered":"<p>[et_pb_section fb_built=&#8221;1&#8243; custom_padding_last_edited=&#8221;on|desktop&#8221; admin_label=&#8221;Header&#8221; _builder_version=&#8221;4.19.4&#8243; background_color=&#8221;#000000&#8243; use_background_color_gradient=&#8221;on&#8221; background_color_gradient_stops=&#8221;rgba(0,0,0,0.5) 72%|rgba(255,255,255,0.54) 100%&#8221; background_color_gradient_overlays_image=&#8221;on&#8221; background_image=&#8221;https:\/\/www.w2gs.hr\/wp-content\/uploads\/2022\/11\/kontakt-w2gs-zaposljavanje-istra.jpg&#8221; background_size=&#8221;custom&#8221; background_image_width=&#8221;77%&#8221; background_position=&#8221;center_right&#8221; background_horizontal_offset=&#8221;-72%&#8221; background_enable_mask_style=&#8221;on&#8221; background_mask_style=&#8221;corner-square&#8221; background_mask_color=&#8221;#efefef&#8221; positioning=&#8221;none&#8221; position_origin_a=&#8221;top_center&#8221; height=&#8221;100vh&#8221; height_tablet=&#8221;100vh&#8221; height_phone=&#8221;auto&#8221; height_last_edited=&#8221;on|phone&#8221; custom_margin=&#8221;0px||0px||false|false&#8221; custom_padding=&#8221;0px||0px||false|false&#8221; custom_padding_tablet=&#8221;&#8221; custom_padding_phone=&#8221;||||true|false&#8221; bottom_divider_height=&#8221;0vw&#8221; bottom_divider_arrangement=&#8221;above_content&#8221; bottom_divider_height_tablet=&#8221;&#8221; bottom_divider_height_phone=&#8221;0px&#8221; bottom_divider_height_last_edited=&#8221;on|phone&#8221; hover_enabled=&#8221;0&#8243; background_last_edited=&#8221;on|phone&#8221; use_background_color_gradient_tablet=&#8221;on&#8221; use_background_color_gradient_phone=&#8221;on&#8221; background_color_gradient_stops_tablet=&#8221;rgba(40,40,40,0.72) 0%|rgba(0,0,0,0.83) 100%&#8221; background_color_gradient_stops_phone=&#8221;rgba(10,10,10,0.75) 0%|#22223e 100%&#8221; background_image_tablet=&#8221;https:\/\/www.w2gs.hr\/wp-content\/uploads\/2022\/11\/kontakt-w2gs-zaposljavanje-istra.jpg&#8221; background_enable_image_tablet=&#8221;on&#8221; background_size_tablet=&#8221;cover&#8221; background_size_phone=&#8221;cover&#8221; background_position_tablet=&#8221;center&#8221; background_position_phone=&#8221;center&#8221; background_enable_mask_style_tablet=&#8221;off&#8221; global_colors_info=&#8221;{}&#8221; box_shadow_style__hover=&#8221;none&#8221; box_shadow_style__hover_enabled=&#8221;none&#8221; box_shadow_color__hover=&#8221;rgba(0,0,0,0.3)&#8221; box_shadow_color__hover_enabled=&#8221;rgba(0,0,0,0.3)&#8221; bottom_divider_height__hover_enabled=&#8221;on&#8221; bottom_divider_height__hover=&#8221;19vw&#8221; sticky_enabled=&#8221;0&#8243;][et_pb_row column_structure=&#8221;3_5,2_5&#8243; use_custom_gutter=&#8221;on&#8221; gutter_width=&#8221;1&#8243; make_equal=&#8221;on&#8221; padding_top_bottom_link_2=&#8221;true&#8221; padding_left_right_link_2=&#8221;true&#8221; _builder_version=&#8221;4.19.4&#8243; positioning=&#8221;none&#8221; width=&#8221;90%&#8221; width_tablet=&#8221;100%&#8221; width_phone=&#8221;100%&#8221; width_last_edited=&#8221;on|phone&#8221; max_width=&#8221;100%&#8221; module_alignment=&#8221;center&#8221; custom_margin=&#8221;|0px||0px|false|false&#8221; custom_padding=&#8221;4px|0px||0px|false|false&#8221; animation_direction=&#8221;right&#8221; hover_enabled=&#8221;0&#8243; custom_css_main_element=&#8221;align-items: center;&#8221; use_custom_width=&#8221;on&#8221; width_unit=&#8221;off&#8221; custom_width_percent=&#8221;92%&#8221; global_colors_info=&#8221;{}&#8221; box_shadow_vertical__hover_enabled=&#8221;on&#8221; box_shadow_vertical__hover=&#8221;40px&#8221; animation_style__hover=&#8221;none&#8221; animation_style__hover_enabled=&#8221;none&#8221; animation_repeat__hover=&#8221;once&#8221; animation_repeat__hover_enabled=&#8221;once&#8221; animation_direction__hover=&#8221;center&#8221; animation_direction__hover_enabled=&#8221;center&#8221; animation_duration__hover=&#8221;1000ms&#8221; animation_duration__hover_enabled=&#8221;1000ms&#8221; animation_delay__hover=&#8221;0ms&#8221; animation_delay__hover_enabled=&#8221;0ms&#8221; animation_intensity_slide__hover=&#8221;50%&#8221; animation_intensity_slide__hover_enabled=&#8221;50%&#8221; animation_intensity_zoom__hover=&#8221;50%&#8221; animation_intensity_zoom__hover_enabled=&#8221;50%&#8221; animation_intensity_flip__hover=&#8221;50%&#8221; animation_intensity_flip__hover_enabled=&#8221;50%&#8221; animation_intensity_fold__hover=&#8221;50%&#8221; animation_intensity_fold__hover_enabled=&#8221;50%&#8221; animation_intensity_roll__hover=&#8221;50%&#8221; animation_intensity_roll__hover_enabled=&#8221;50%&#8221; animation_starting_opacity__hover=&#8221;0%&#8221; animation_starting_opacity__hover_enabled=&#8221;0%&#8221; animation_speed_curve__hover=&#8221;ease-in-out&#8221; animation_speed_curve__hover_enabled=&#8221;ease-in-out&#8221; sticky_enabled=&#8221;0&#8243;][et_pb_column type=&#8221;3_5&#8243; _builder_version=&#8221;4.19.2&#8243; background_enable_image=&#8221;off&#8221; custom_padding=&#8221;0px||0px||true|true&#8221; custom_padding_tablet=&#8221;10vw|40px|10vw|40px|false|false&#8221; custom_padding_phone=&#8221;5vw|10px|5vw|10px|true|false&#8221; custom_padding_last_edited=&#8221;on|phone&#8221; global_colors_info=&#8221;{}&#8221; custom_padding__hover=&#8221;|||&#8221;][et_pb_text admin_label=&#8221;Title&#8221; _builder_version=&#8221;4.19.4&#8243; text_font=&#8221;||||||||&#8221; header_font=&#8221;Archivo|600|||||||&#8221; header_text_color=&#8221;#00B5EC&#8221; header_font_size=&#8221;50px&#8221; header_2_font=&#8221;Archivo|600|on|on|||||&#8221; header_2_font_size=&#8221;4.9vw&#8221; header_2_letter_spacing=&#8221;0.18em&#8221; header_2_line_height=&#8221;1.2em&#8221; background_layout=&#8221;dark&#8221; max_width_tablet=&#8221;140%&#8221; max_width_phone=&#8221;100%&#8221; max_width_last_edited=&#8221;on|phone&#8221; custom_margin=&#8221;||||false|false&#8221; custom_margin_tablet=&#8221;|||0vw&#8221; custom_margin_phone=&#8221;0px||0px|10px|false|false&#8221; custom_margin_last_edited=&#8221;on|phone&#8221; custom_padding=&#8221;||||false|false&#8221; animation_direction=&#8221;left&#8221; header_font_tablet=&#8221;Archivo|600|||||||&#8221; header_font_phone=&#8221;Archivo|700|||||||&#8221; header_font_last_edited=&#8221;on|phone&#8221; header_text_color_tablet=&#8221;#00b5ec&#8221; header_text_color_phone=&#8221;#00b5ec&#8221; header_text_color_last_edited=&#8221;on|tablet&#8221; header_font_size_tablet=&#8221;35px&#8221; header_font_size_phone=&#8221;26px&#8221; header_font_size_last_edited=&#8221;on|phone&#8221; header_2_font_size_tablet=&#8221;7.5vw&#8221; header_2_font_size_phone=&#8221;&#8221; header_2_font_size_last_edited=&#8221;on|desktop&#8221; header_2_text_shadow_style=&#8221;preset3&#8243; header_2_text_shadow_horizontal_length=&#8221;-0.14em&#8221; header_2_text_shadow_vertical_length=&#8221;0.07em&#8221; header_2_text_shadow_blur_strength=&#8221;0.75em&#8221; header_2_text_shadow_color=&#8221;#262d3f&#8221; locked=&#8221;off&#8221; global_colors_info=&#8221;{}&#8221;]<\/p>\n<div class=\"et_pb_module et_pb_text et_pb_text_1_tb_body et_pb_text_align_left et_pb_bg_layout_dark et_had_animation\">\n<div class=\"et_pb_text_inner\">\n<h1>Contact us<\/h1>\n<\/div>\n<\/div>\n<p>[\/et_pb_text][et_pb_text admin_label=&#8221;Title&#8221; _builder_version=&#8221;4.19.4&#8243; text_font=&#8221;Inria Sans||||||||&#8221; text_text_color=&#8221;#0a0a0a&#8221; text_font_size=&#8221;18px&#8221; text_line_height=&#8221;1.9em&#8221; header_font=&#8221;Archivo|600|||||||&#8221; header_text_color=&#8221;#00b5ec&#8221; header_font_size=&#8221;70px&#8221; header_2_font=&#8221;Archivo|600|on|on|||||&#8221; header_2_font_size=&#8221;4.9vw&#8221; header_2_letter_spacing=&#8221;0.18em&#8221; header_2_line_height=&#8221;1.2em&#8221; background_layout=&#8221;dark&#8221; max_width_tablet=&#8221;80%&#8221; max_width_phone=&#8221;100%&#8221; max_width_last_edited=&#8221;on|phone&#8221; custom_margin=&#8221;20px||||false|false&#8221; custom_margin_tablet=&#8221;|||0vw&#8221; custom_margin_phone=&#8221;0px|||10px|false|false&#8221; custom_margin_last_edited=&#8221;on|phone&#8221; custom_padding=&#8221;||||false|false&#8221; custom_padding_tablet=&#8221;||||false|false&#8221; custom_padding_phone=&#8221;20px||||false|false&#8221; custom_padding_last_edited=&#8221;on|phone&#8221; animation_direction=&#8221;left&#8221; hover_enabled=&#8221;0&#8243; text_text_color_tablet=&#8221;#FFFFFF&#8221; text_text_color_phone=&#8221;#FFFFFF&#8221; text_text_color_last_edited=&#8221;on|tablet&#8221; header_font_tablet=&#8221;Archivo|600|||||||&#8221; header_font_phone=&#8221;Archivo|700|||||||&#8221; header_font_last_edited=&#8221;on|phone&#8221; header_font_size_tablet=&#8221;50px&#8221; header_font_size_phone=&#8221;30px&#8221; header_font_size_last_edited=&#8221;on|phone&#8221; header_2_font_size_tablet=&#8221;7.5vw&#8221; header_2_font_size_phone=&#8221;&#8221; header_2_font_size_last_edited=&#8221;on|desktop&#8221; header_2_text_shadow_style=&#8221;preset3&#8243; header_2_text_shadow_horizontal_length=&#8221;-0.14em&#8221; header_2_text_shadow_vertical_length=&#8221;0.07em&#8221; header_2_text_shadow_blur_strength=&#8221;0.75em&#8221; header_2_text_shadow_color=&#8221;#262d3f&#8221; locked=&#8221;off&#8221; global_colors_info=&#8221;{}&#8221; max_width=&#8221;70%&#8221; sticky_enabled=&#8221;0&#8243;]<\/p>\n<p><span style=\"color: #000000;\">We find the best talent for our business partners and connect candidates with their ideal jobs.\u00a0<\/span><\/p>\n<p>[\/et_pb_text][\/et_pb_column][et_pb_column type=&#8221;2_5&#8243; _builder_version=&#8221;4.19.2&#8243; background_enable_image=&#8221;off&#8221; custom_padding=&#8221;5vw||||false|true&#8221; custom_padding_tablet=&#8221;10vw|40px|10vw|40px|false|false&#8221; custom_padding_phone=&#8221;5vw|0px|5vw|0px|true|true&#8221; custom_padding_last_edited=&#8221;on|phone&#8221; border_width_all_tablet=&#8221;&#8221; border_width_all_phone=&#8221;0px&#8221; border_width_all_last_edited=&#8221;on|phone&#8221; border_width_bottom_tablet=&#8221;&#8221; border_width_bottom_phone=&#8221;0px&#8221; border_width_bottom_last_edited=&#8221;on|phone&#8221; global_colors_info=&#8221;{}&#8221; custom_padding__hover=&#8221;|||&#8221;][et_pb_contact_form captcha=&#8221;off&#8221; email=&#8221;info@w2gs.hr&#8221; custom_message=&#8221;Novi e-mail sa stranice w2gs.hr\/kontakt eng.||et_pb_line_break_holder||||et_pb_line_break_holder||Ime i prezime: %%Ime_i_prezime%%||et_pb_line_break_holder||Email: %%Email%%||et_pb_line_break_holder||Poruka: %%Poruka%%&#8221; submit_button_text=&#8221;Send&#8221; disabled_on=&#8221;off|off|off&#8221; admin_label=&#8221;kontakt forma hr&#8221; module_id=&#8221;et_pb_contact_form_0, kontakt forma hr&#8221; _builder_version=&#8221;4.19.4&#8243; _module_preset=&#8221;default&#8221; _unique_id=&#8221;6e7db586-b2d6-4bca-bd39-c91aa56fd302&#8243; form_field_background_color=&#8221;rgba(0,0,0,0.07)&#8221; form_field_text_color=&#8221;#0a0100&#8243; background_color=&#8221;rgba(255,255,255,0.97)&#8221; custom_button=&#8221;on&#8221; button_text_size=&#8221;18px&#8221; button_text_color=&#8221;#FFFFFF&#8221; button_bg_color=&#8221;#00B5EC&#8221; button_font=&#8221;Inria Sans|||on|||||&#8221; width=&#8221;90%&#8221; width_tablet=&#8221;90%&#8221; width_phone=&#8221;&#8221; width_last_edited=&#8221;on|phone&#8221; max_width=&#8221;100%&#8221; module_alignment=&#8221;right&#8221; custom_padding=&#8221;10px|10px|10px|10px|true|true&#8221; hover_enabled=&#8221;0&#8243; button_icon_placement_tablet=&#8221;&#8221; button_icon_placement_phone=&#8221;&#8221; button_icon_placement_last_edited=&#8221;on|phone&#8221; module_alignment_tablet=&#8221;right&#8221; module_alignment_phone=&#8221;center&#8221; module_alignment_last_edited=&#8221;on|phone&#8221; submit_button_wait_text=&#8221;Molimo pri\u010dekajte&#8221; hide_success_message=&#8221;on&#8221; custom_use_redirect=&#8221;on&#8221; custom_redirect_url=&#8221;https:\/\/www.w2gs.hr\/hvala&#8221; custom_redirect_delay=&#8221;1600&#8243; use_honeypot=&#8221;on&#8221; border_width_all_tablet=&#8221;&#8221; border_width_all_phone=&#8221;0px&#8221; border_width_all_last_edited=&#8221;on|phone&#8221; border_width_bottom_tablet=&#8221;&#8221; border_width_bottom_phone=&#8221;&#8221; border_width_bottom_last_edited=&#8221;on|phone&#8221; global_colors_info=&#8221;{}&#8221; width__hover_enabled=&#8221;off|desktop&#8221; submit_button_alignment_last_edited=&#8221;on|phone&#8221; submit_button_alignment_phone=&#8221;left&#8221; sticky_enabled=&#8221;0&#8243;][et_pb_contact_field field_id=&#8221;Ime_i_prezime&#8221; field_title=&#8221;Name and surname&#8221; _builder_version=&#8221;4.19.0&#8243; global_colors_info=&#8221;{}&#8221; button_text_size__hover_enabled=&#8221;off&#8221; button_one_text_size__hover_enabled=&#8221;off&#8221; button_two_text_size__hover_enabled=&#8221;off&#8221; button_text_color__hover_enabled=&#8221;off&#8221; button_one_text_color__hover_enabled=&#8221;off&#8221; button_two_text_color__hover_enabled=&#8221;off&#8221; button_border_width__hover_enabled=&#8221;off&#8221; button_one_border_width__hover_enabled=&#8221;off&#8221; button_two_border_width__hover_enabled=&#8221;off&#8221; button_border_color__hover_enabled=&#8221;off&#8221; button_one_border_color__hover_enabled=&#8221;off&#8221; button_two_border_color__hover_enabled=&#8221;off&#8221; button_border_radius__hover_enabled=&#8221;off&#8221; button_one_border_radius__hover_enabled=&#8221;off&#8221; button_two_border_radius__hover_enabled=&#8221;off&#8221; button_letter_spacing__hover_enabled=&#8221;off&#8221; button_one_letter_spacing__hover_enabled=&#8221;off&#8221; button_two_letter_spacing__hover_enabled=&#8221;off&#8221; button_bg_color__hover_enabled=&#8221;off&#8221; button_one_bg_color__hover_enabled=&#8221;off&#8221; button_two_bg_color__hover_enabled=&#8221;off&#8221;][\/et_pb_contact_field][et_pb_contact_field field_id=&#8221;Email&#8221; field_title=&#8221;Email&#8221; field_type=&#8221;email&#8221; _builder_version=&#8221;4.19.0&#8243; global_colors_info=&#8221;{}&#8221; button_text_size__hover_enabled=&#8221;off&#8221; button_one_text_size__hover_enabled=&#8221;off&#8221; button_two_text_size__hover_enabled=&#8221;off&#8221; button_text_color__hover_enabled=&#8221;off&#8221; button_one_text_color__hover_enabled=&#8221;off&#8221; button_two_text_color__hover_enabled=&#8221;off&#8221; button_border_width__hover_enabled=&#8221;off&#8221; button_one_border_width__hover_enabled=&#8221;off&#8221; button_two_border_width__hover_enabled=&#8221;off&#8221; button_border_color__hover_enabled=&#8221;off&#8221; button_one_border_color__hover_enabled=&#8221;off&#8221; button_two_border_color__hover_enabled=&#8221;off&#8221; button_border_radius__hover_enabled=&#8221;off&#8221; button_one_border_radius__hover_enabled=&#8221;off&#8221; button_two_border_radius__hover_enabled=&#8221;off&#8221; button_letter_spacing__hover_enabled=&#8221;off&#8221; button_one_letter_spacing__hover_enabled=&#8221;off&#8221; button_two_letter_spacing__hover_enabled=&#8221;off&#8221; button_bg_color__hover_enabled=&#8221;off&#8221; button_one_bg_color__hover_enabled=&#8221;off&#8221; button_two_bg_color__hover_enabled=&#8221;off&#8221;][\/et_pb_contact_field][et_pb_contact_field field_id=&#8221;Poruka&#8221; field_title=&#8221;Message&#8221; field_type=&#8221;text&#8221; fullwidth_field=&#8221;on&#8221; _builder_version=&#8221;4.19.4&#8243; global_colors_info=&#8221;{}&#8221; button_text_size__hover_enabled=&#8221;off&#8221; button_one_text_size__hover_enabled=&#8221;off&#8221; button_two_text_size__hover_enabled=&#8221;off&#8221; button_text_color__hover_enabled=&#8221;off&#8221; button_one_text_color__hover_enabled=&#8221;off&#8221; button_two_text_color__hover_enabled=&#8221;off&#8221; button_border_width__hover_enabled=&#8221;off&#8221; button_one_border_width__hover_enabled=&#8221;off&#8221; button_two_border_width__hover_enabled=&#8221;off&#8221; button_border_color__hover_enabled=&#8221;off&#8221; button_one_border_color__hover_enabled=&#8221;off&#8221; button_two_border_color__hover_enabled=&#8221;off&#8221; button_border_radius__hover_enabled=&#8221;off&#8221; button_one_border_radius__hover_enabled=&#8221;off&#8221; button_two_border_radius__hover_enabled=&#8221;off&#8221; button_letter_spacing__hover_enabled=&#8221;off&#8221; button_one_letter_spacing__hover_enabled=&#8221;off&#8221; button_two_letter_spacing__hover_enabled=&#8221;off&#8221; button_bg_color__hover_enabled=&#8221;off&#8221; button_one_bg_color__hover_enabled=&#8221;off&#8221; button_two_bg_color__hover_enabled=&#8221;off&#8221;][\/et_pb_contact_field][et_pb_contact_field field_id=&#8221;Field_6&#8243; field_title=&#8221;GDPR&#8221; field_type=&#8221;checkbox&#8221; checkbox_options=&#8221;%91{%22value%22:%22I confirm that I have read, understood and agree to the terms of privacy and data processing.%22,%22checked%22:0,%22dragID%22:-1}%93&#8243; fullwidth_field=&#8221;on&#8221; _builder_version=&#8221;4.19.4&#8243; _module_preset=&#8221;default&#8221; global_colors_info=&#8221;{}&#8221;][\/et_pb_contact_field][\/et_pb_contact_form][\/et_pb_column][\/et_pb_row][\/et_pb_section][et_pb_section fb_built=&#8221;1&#8243; _builder_version=&#8221;4.19.4&#8243; _module_preset=&#8221;default&#8221; global_colors_info=&#8221;{}&#8221;][et_pb_row column_structure=&#8221;1_2,1_2&#8243; use_custom_gutter=&#8221;on&#8221; gutter_width=&#8221;2&#8243; make_equal=&#8221;on&#8221; _builder_version=&#8221;4.19.4&#8243; _module_preset=&#8221;default&#8221; width=&#8221;90%&#8221; max_width=&#8221;100%&#8221; custom_css_main_element=&#8221;align-items: center;&#8221; global_colors_info=&#8221;{}&#8221;][et_pb_column type=&#8221;1_2&#8243; _builder_version=&#8221;4.19.4&#8243; _module_preset=&#8221;default&#8221; global_colors_info=&#8221;{}&#8221;][et_pb_text _builder_version=&#8221;4.19.4&#8243; _module_preset=&#8221;default&#8221; header_3_font=&#8221;Inria Sans||||||||&#8221; header_3_text_align=&#8221;left&#8221; header_3_line_height=&#8221;2em&#8221; global_colors_info=&#8221;{}&#8221;]<\/p>\n<h3><span style=\"color: #00b5ec;\"><strong>Headquarters<\/strong><\/span>: Podberam 58e, 52000 Pazin<\/h3>\n<h3><strong><span style=\"color: #00b5ec;\">Call us<\/span>:<\/strong> +<a href=\"tel:+38598224006%20\">385 98 224 006<\/a><\/h3>\n<h3><strong><span style=\"color: #00b5ec;\">Email<\/span>:<\/strong> <a href=\"mailto:%20info@w2gs.hr\">info@w2gs.hr<\/a><\/h3>\n<p>[\/et_pb_text][\/et_pb_column][et_pb_column type=&#8221;1_2&#8243; _builder_version=&#8221;4.19.4&#8243; _module_preset=&#8221;default&#8221; global_colors_info=&#8221;{}&#8221;][et_pb_code _builder_version=&#8221;4.19.4&#8243; _module_preset=&#8221;default&#8221; global_colors_info=&#8221;{}&#8221;]<pee><iframe style=\"border: 0;\" src=\"https:\/\/www.google.com\/maps\/embed?pb=!1m18!1m12!1m3!1d2611.519408694515!2d13.892634315550168!3d45.247200679098945!2m3!1f0!2f0!3f0!3m2!1i1024!2i768!4f13.1!3m3!1m2!1s0x477caf0cbb8f2d7f%3A0x2c7be5a89ab580c0!2sWork%202%20Go%20Staff%20d.o.o.!5e1!3m2!1shr!2shr!4v1672051868744!5m2!1shr!2shr\" width=\"600\" height=\"450\" allowfullscreen=\"allowfullscreen\"><\/iframe><\/pee>[\/et_pb_code][\/et_pb_column][\/et_pb_row][\/et_pb_section]<\/p>\n","protected":false},"excerpt":{"rendered":"<p>Contact us We find the best talent for our business partners and connect candidates with their ideal jobs.\u00a0Headquarters: Podberam 58e, 52000 Pazin Call us: +385 98 224 006 Email: info@w2gs.hr<\/p>\n","protected":false},"author":1,"featured_media":0,"parent":0,"menu_order":0,"comment_status":"closed","ping_status":"closed","template":"","meta":{"_et_pb_use_builder":"on","_et_pb_old_content":"","_et_gb_content_width":"","footnotes":""},"class_list":["post-3616","page","type-page","status-publish","hentry"],"yoast_head":"<!-- This site is optimized with the Yoast SEO plugin v20.3 - https:\/\/yoast.com\/wordpress\/plugins\/seo\/ -->\n<title>Contact - Work 2 Go Staff<\/title>\n<meta name=\"description\" content=\"We find the best talent for our business partners and connect candidates with their ideal jobs.\" \/>\n<meta name=\"robots\" content=\"index, follow, max-snippet:-1, max-image-preview:large, max-video-preview:-1\" \/>\n<link rel=\"canonical\" href=\"https:\/\/www.w2gs.hr\/en\/contact\/\" \/>\n<meta property=\"og:locale\" content=\"en_US\" \/>\n<meta property=\"og:type\" content=\"article\" \/>\n<meta property=\"og:title\" content=\"Contact - Work 2 Go Staff\" \/>\n<meta property=\"og:description\" content=\"We find the best talent for our business partners and connect candidates with their ideal jobs.\" \/>\n<meta property=\"og:url\" content=\"https:\/\/www.w2gs.hr\/en\/contact\/\" \/>\n<meta property=\"og:site_name\" content=\"Work 2 Go Staff\" \/>\n<meta property=\"article:modified_time\" content=\"2023-01-16T13:25:07+00:00\" \/>\n<meta property=\"og:image\" content=\"https:\/\/www.w2gs.hr\/wp-content\/uploads\/2022\/12\/w2gs-featured-image-1.jpg\" \/>\n\t<meta property=\"og:image:width\" content=\"1579\" \/>\n\t<meta property=\"og:image:height\" content=\"875\" \/>\n\t<meta property=\"og:image:type\" content=\"image\/jpeg\" \/>\n<meta name=\"twitter:card\" content=\"summary_large_image\" \/>\n<meta name=\"twitter:label1\" content=\"Est. reading time\" \/>\n\t<meta name=\"twitter:data1\" content=\"3 minutes\" \/>\n<script type=\"application\/ld+json\" class=\"yoast-schema-graph\">{\"@context\":\"https:\/\/schema.org\",\"@graph\":[{\"@type\":\"WebPage\",\"@id\":\"https:\/\/www.w2gs.hr\/en\/contact\/\",\"url\":\"https:\/\/www.w2gs.hr\/en\/contact\/\",\"name\":\"Contact - Work 2 Go Staff\",\"isPartOf\":{\"@id\":\"https:\/\/www.w2gs.hr\/en\/#website\"},\"datePublished\":\"2022-11-24T10:25:41+00:00\",\"dateModified\":\"2023-01-16T13:25:07+00:00\",\"description\":\"We find the best talent for our business partners and connect candidates with their ideal jobs.\",\"breadcrumb\":{\"@id\":\"https:\/\/www.w2gs.hr\/en\/contact\/#breadcrumb\"},\"inLanguage\":\"en-US\",\"potentialAction\":[{\"@type\":\"ReadAction\",\"target\":[\"https:\/\/www.w2gs.hr\/en\/contact\/\"]}]},{\"@type\":\"BreadcrumbList\",\"@id\":\"https:\/\/www.w2gs.hr\/en\/contact\/#breadcrumb\",\"itemListElement\":[{\"@type\":\"ListItem\",\"position\":1,\"name\":\"Po\u010detna stranica\",\"item\":\"https:\/\/www.w2gs.hr\/en\/\"},{\"@type\":\"ListItem\",\"position\":2,\"name\":\"Contact\"}]},{\"@type\":\"WebSite\",\"@id\":\"https:\/\/www.w2gs.hr\/en\/#website\",\"url\":\"https:\/\/www.w2gs.hr\/en\/\",\"name\":\"Work 2 Go Staff\",\"description\":\"Stvaramo ravnote\u017eu na tr\u017ei\u0161tu rada\",\"publisher\":{\"@id\":\"https:\/\/www.w2gs.hr\/en\/#organization\"},\"potentialAction\":[{\"@type\":\"SearchAction\",\"target\":{\"@type\":\"EntryPoint\",\"urlTemplate\":\"https:\/\/www.w2gs.hr\/en\/?s={search_term_string}\"},\"query-input\":\"required name=search_term_string\"}],\"inLanguage\":\"en-US\"},{\"@type\":\"Organization\",\"@id\":\"https:\/\/www.w2gs.hr\/en\/#organization\",\"name\":\"Work 2 Go Staff d.o.o.\",\"url\":\"https:\/\/www.w2gs.hr\/en\/\",\"logo\":{\"@type\":\"ImageObject\",\"inLanguage\":\"en-US\",\"@id\":\"https:\/\/www.w2gs.hr\/en\/#\/schema\/logo\/image\/\",\"url\":\"https:\/\/www.w2gs.hr\/wp-content\/uploads\/2022\/11\/work-to-go-staff-logo.png\",\"contentUrl\":\"https:\/\/www.w2gs.hr\/wp-content\/uploads\/2022\/11\/work-to-go-staff-logo.png\",\"width\":300,\"height\":118,\"caption\":\"Work 2 Go Staff d.o.o.\"},\"image\":{\"@id\":\"https:\/\/www.w2gs.hr\/en\/#\/schema\/logo\/image\/\"}}]}<\/script>\n<!-- \/ Yoast SEO plugin. -->","yoast_head_json":{"title":"Contact - Work 2 Go Staff","description":"We find the best talent for our business partners and connect candidates with their ideal jobs.","robots":{"index":"index","follow":"follow","max-snippet":"max-snippet:-1","max-image-preview":"max-image-preview:large","max-video-preview":"max-video-preview:-1"},"canonical":"https:\/\/www.w2gs.hr\/en\/contact\/","og_locale":"en_US","og_type":"article","og_title":"Contact - Work 2 Go Staff","og_description":"We find the best talent for our business partners and connect candidates with their ideal jobs.","og_url":"https:\/\/www.w2gs.hr\/en\/contact\/","og_site_name":"Work 2 Go Staff","article_modified_time":"2023-01-16T13:25:07+00:00","og_image":[{"width":1579,"height":875,"url":"https:\/\/www.w2gs.hr\/wp-content\/uploads\/2022\/12\/w2gs-featured-image-1.jpg","type":"image\/jpeg"}],"twitter_card":"summary_large_image","twitter_misc":{"Est. reading time":"3 minutes"},"schema":{"@context":"https:\/\/schema.org","@graph":[{"@type":"WebPage","@id":"https:\/\/www.w2gs.hr\/en\/contact\/","url":"https:\/\/www.w2gs.hr\/en\/contact\/","name":"Contact - Work 2 Go Staff","isPartOf":{"@id":"https:\/\/www.w2gs.hr\/en\/#website"},"datePublished":"2022-11-24T10:25:41+00:00","dateModified":"2023-01-16T13:25:07+00:00","description":"We find the best talent for our business partners and connect candidates with their ideal jobs.","breadcrumb":{"@id":"https:\/\/www.w2gs.hr\/en\/contact\/#breadcrumb"},"inLanguage":"en-US","potentialAction":[{"@type":"ReadAction","target":["https:\/\/www.w2gs.hr\/en\/contact\/"]}]},{"@type":"BreadcrumbList","@id":"https:\/\/www.w2gs.hr\/en\/contact\/#breadcrumb","itemListElement":[{"@type":"ListItem","position":1,"name":"Po\u010detna stranica","item":"https:\/\/www.w2gs.hr\/en\/"},{"@type":"ListItem","position":2,"name":"Contact"}]},{"@type":"WebSite","@id":"https:\/\/www.w2gs.hr\/en\/#website","url":"https:\/\/www.w2gs.hr\/en\/","name":"Work 2 Go Staff","description":"Stvaramo ravnote\u017eu na tr\u017ei\u0161tu rada","publisher":{"@id":"https:\/\/www.w2gs.hr\/en\/#organization"},"potentialAction":[{"@type":"SearchAction","target":{"@type":"EntryPoint","urlTemplate":"https:\/\/www.w2gs.hr\/en\/?s={search_term_string}"},"query-input":"required name=search_term_string"}],"inLanguage":"en-US"},{"@type":"Organization","@id":"https:\/\/www.w2gs.hr\/en\/#organization","name":"Work 2 Go Staff d.o.o.","url":"https:\/\/www.w2gs.hr\/en\/","logo":{"@type":"ImageObject","inLanguage":"en-US","@id":"https:\/\/www.w2gs.hr\/en\/#\/schema\/logo\/image\/","url":"https:\/\/www.w2gs.hr\/wp-content\/uploads\/2022\/11\/work-to-go-staff-logo.png","contentUrl":"https:\/\/www.w2gs.hr\/wp-content\/uploads\/2022\/11\/work-to-go-staff-logo.png","width":300,"height":118,"caption":"Work 2 Go Staff d.o.o."},"image":{"@id":"https:\/\/www.w2gs.hr\/en\/#\/schema\/logo\/image\/"}}]}},"_links":{"self":[{"href":"https:\/\/www.w2gs.hr\/en\/wp-json\/wp\/v2\/pages\/3616","targetHints":{"allow":["GET"]}}],"collection":[{"href":"https:\/\/www.w2gs.hr\/en\/wp-json\/wp\/v2\/pages"}],"about":[{"href":"https:\/\/www.w2gs.hr\/en\/wp-json\/wp\/v2\/types\/page"}],"author":[{"embeddable":true,"href":"https:\/\/www.w2gs.hr\/en\/wp-json\/wp\/v2\/users\/1"}],"replies":[{"embeddable":true,"href":"https:\/\/www.w2gs.hr\/en\/wp-json\/wp\/v2\/comments?post=3616"}],"version-history":[{"count":0,"href":"https:\/\/www.w2gs.hr\/en\/wp-json\/wp\/v2\/pages\/3616\/revisions"}],"wp:attachment":[{"href":"https:\/\/www.w2gs.hr\/en\/wp-json\/wp\/v2\/media?parent=3616"}],"curies":[{"name":"wp","href":"https:\/\/api.w.org\/{rel}","templated":true}]}}